{"id":4695,"date":"2025-10-27T20:21:25","date_gmt":"2025-10-27T19:21:25","guid":{"rendered":"https:\/\/carrerasassegurances.com\/avis-legal\/"},"modified":"2025-12-02T19:28:36","modified_gmt":"2025-12-02T18:28:36","slug":"aviso-legal","status":"publish","type":"page","link":"https:\/\/carrerasassegurances.com\/es\/aviso-legal\/","title":{"rendered":"Aviso Legal"},"content":{"rendered":"<div class=\"wpb-content-wrapper\"><p>[vc_row][vc_column width=\u00bb1\/6&#8243;][\/vc_column][vc_column width=\u00bb2\/3&#8243;][vc_custom_heading heading_semantic=\u00bbh3&#8243; text_size=\u00bbh3&#8243; uncode_shortcode_id=\u00bb154831&#8243;]Aviso legal[\/vc_custom_heading][vc_column_text uncode_shortcode_id=\u00bb375407&#8243;]El uso de este sitio web, www.carrerasassegurances.com, implica la aceptaci\u00f3n de estos t\u00e9rminos. Si no est\u00e1 de acuerdo, le rogamos que no utilice este sitio web.<\/p>\n<p>En cumplimiento del art\u00edculo 10 de la Ley 34\/2002, de 11 de julio, de Servicios de la Sociedad de la Informaci\u00f3n y del Comercio Electr\u00f3nico (LSSICE), Carreras Brokers Group Corredur\u00eda de Seguros S.L., Responsable de esta p\u00e1gina web, pone a disposici\u00f3n de los Usuarios esta informaci\u00f3n, para definir sus Condiciones de Uso.<\/p>\n<p>Adicionalmente a los contenidos aqu\u00ed expuestos, los aspectos espec\u00edficos relacionados con la protecci\u00f3n de los datos personales y la privacidad de los usuarios de esta web se desarrollan en la p\u00e1gina de Pol\u00edtica de Privacidad.<\/p>\n<p>Este Aviso Legal regula el uso del sitio web www.carrerasassegurances.com siendo su titular Carreras Brokers Group Corredur\u00eda de Seguros S.L. con CIF B04973848, inscrita en el Registro administrativo de distribuidores de seguros y reaseguros de la DGSFP, con n\u00famero de registro J-3953.<\/p>\n<p><i><strong>Responsable del tratamiento de sus datos personales.<\/strong><\/i><\/p>\n<ul>\n<li><strong>Identidad del Responsable<\/strong>: Carreras Brokers Group Corredur\u00eda de Seguros S.L.<\/li>\n<li><strong>CIF: <\/strong>B04973848<\/li>\n<li><strong>Correo electr\u00f3nico<\/strong>: info@carrerasassegurances.com<\/li>\n<li><strong>Direcci\u00f3n<\/strong>: Rnda. Universitat 9, planta 4, 08007 Barcelona<\/li>\n<li><strong>Tel\u00e9fono<\/strong>: 935955623<\/li>\n<\/ul>\n<p><i><strong>Identificaci\u00f3n Delegado Protecci\u00f3n de Datos.<\/strong><\/i><\/p>\n<ul>\n<li><strong>Delegado Protecci\u00f3n de Datos<\/strong>: Marc Carreras Salinas<\/li>\n<li><strong>Correo electr\u00f3nico<\/strong>: info@carrerasassegurances.com<\/li>\n<li><strong>Tel\u00e9fono<\/strong>: 933182245<\/li>\n<\/ul>\n<p>Carreras Brokers Group Corredur\u00eda de Seguros S.L. est\u00e1 constituida en relaci\u00f3n con la protecci\u00f3n de datos de acuerdo con los requisitos de la legislaci\u00f3n vigente:<\/p>\n<ul>\n<li>Normativa Europea RGPD 2016\/679 respecto al tratamiento de Datos Personales.<\/li>\n<li>Ley Org\u00e1nica 3\/2018 LOPD-GDD de Protecci\u00f3n de Datos Personales y garant\u00eda de Derechos Digitales.<\/li>\n<li>Ley de Servicios de la Sociedad de la Informaci\u00f3n y Comercio Electr\u00f3nico, LSSICE.<\/li>\n<\/ul>\n<p>En cumplimiento de lo dispuesto en el Reglamento Europeo 2016\/679 de Protecci\u00f3n de Datos de Car\u00e1cter Personal, RGPD, y la Ley Org\u00e1nica 3\/2018, LOPD-GDD, Carreras Brokers Group Corredur\u00eda de Seguros S.L., le informa que, los datos de car\u00e1cter personal que nos proporcione a trav\u00e9s de nuestro formulario de Contacto en nuestra p\u00e1gina web se recoger\u00e1n en nuestras bases de datos siendo responsable Carreras Brokers Group Corredur\u00eda de Seguros S.L. Podr\u00e1 ejercer sus derechos de acceso, rectificaci\u00f3n, portabilidad y supresi\u00f3n de sus datos y los de limitaci\u00f3n y oposici\u00f3n a su tratamiento en los t\u00e9rminos y en las condiciones previstas en la normativa legal vigente, dirigi\u00e9ndose por escrito a Carreras Brokers Group Corredur\u00eda de Seguros S.L. situada en Rnda. Universitat 9, planta 4, 08007 Barcelona o si lo prefiere con un correo electr\u00f3nico a info@carrerasassegurances.com.<\/p>\n<p>De conformidad con el art\u00edculo 32 del RGPD y con el marco normativo general de protecci\u00f3n de datos, Carreras Brokers Group Corredur\u00eda de Seguros S.L. ha adoptado las medidas de seguridad, t\u00e9cnicas, organizativas y de control proactivo necesarias.<\/p>\n<p>Todo ello, en funci\u00f3n del an\u00e1lisis previo del riesgo de las operaciones de tratamiento realizadas. Carreras Brokers Group Corredur\u00eda de Seguros S.L. se compromete a llevar un registro de las actividades de tratamiento tal como se dispone en el art\u00edculo 30.2 del RGPD.<\/p>\n<p>Le rogamos que comunique inmediatamente a Carreras Brokers Group Corredur\u00eda de Seguros S.L. cualquier modificaci\u00f3n de sus datos de car\u00e1cter personal para que la informaci\u00f3n que contienen nuestros ficheros est\u00e9 siempre actualizada y no contenga errores.<\/p>\n<p>Asimismo, con la aceptaci\u00f3n de este Aviso Legal reconoce que la informaci\u00f3n y los datos personales recogidos son exactos y veraces. La recogida de sus datos de car\u00e1cter personal se realiza con la finalidad de prestarle los servicios solicitados y remitirle informaci\u00f3n sobre la entidad u ofertas comerciales de otros productos y servicios, avisos y, en general, informaci\u00f3n de Carreras Brokers Group Corredur\u00eda de Seguros S.L. que pueda ser de su inter\u00e9s.<\/p>\n<p>De conformidad con lo previsto en la normativa actual vigente, al rellenar cualquiera de los formularios que aparecen en nuestra p\u00e1gina web, da su consentimiento para que sus datos sean tratados, con el fin de dirigir informaci\u00f3n, siempre en el \u00e1mbito de las funciones leg\u00edtimas de cedente y cesionario.<\/p>\n<p>Tambi\u00e9n autoriza a Carreras Brokers Group Corredur\u00eda de Seguros S.L. para que le puedan remitir comunicaciones comerciales a trav\u00e9s del correo electr\u00f3nico o de cualquier otro medio de comunicaci\u00f3n electr\u00f3nica equivalente.<\/p>\n<p>Las autorizaciones para el env\u00edo de informaci\u00f3n comercial, la cesi\u00f3n de datos y el env\u00edo de comunicaciones comerciales por medios electr\u00f3nicos ser\u00e1n revocables, en cualquier momento, mediante comunicaci\u00f3n escrita dirigida a Carreras Brokers Group Corredur\u00eda de Seguros S.L. en la direcci\u00f3n antes mencionada, donde deber\u00e1 indicar los siguientes datos para su identificaci\u00f3n: nombre y direcci\u00f3n.<\/p>\n<p>Carreras Brokers Group Corredur\u00eda de Seguros S.L. se compromete a tratar de forma absolutamente confidencial sus datos de car\u00e1cter personal y utilizarlos s\u00f3lo para las finalidades indicadas.<\/p>\n<p>Carreras Brokers Group Corredur\u00eda de Seguros S.L. informa que proceder\u00e1 a tratar los datos de manera l\u00edcita, leal, transparente, adecuada, pertinente, limitada, exacta y actualizada. Es por ello que Carreras Brokers Group Corredur\u00eda de Seguros S.L. se compromete a adoptar todas las medidas razonables para que estos se supriman o rectifiquen sin dilaci\u00f3n cuando sean inexactos.<\/p>\n<p>Asimismo, le informamos que Carreras Brokers Group Corredur\u00eda de Seguros S.L. tiene implantadas las medidas t\u00e9cnicas y organizativas necesarias para garantizar la seguridad de sus datos de car\u00e1cter personal y evitar su alteraci\u00f3n, p\u00e9rdida y tratamiento y\/o acceso no autorizado, teniendo en cuenta el estado de la tecnolog\u00eda, la naturaleza de los datos almacenados y los riesgos, provenientes de la acci\u00f3n humana o del medio f\u00edsico y natural, a que est\u00e1n expuestos.<\/p>\n<p><i><strong>Contenido, t\u00e9rminos legales y responsabilidades.<\/strong><\/i> El sitio web incluye contenidos elaborados por el titular del mismo y sus colaboradores, los cuales tienen fines meramente informativos, puesto que en alguna ocasi\u00f3n, estos podr\u00edan no reflejar la actualidad m\u00e1s reciente, por lo cual en cualquier momento estos contenidos podr\u00e1n ser modificados y\/o sustituidos por unos nuevos, sin notificaci\u00f3n previa, ni responsabilidad.<\/p>\n<p>Los contenidos del sitio web no pueden ser considerados, en ning\u00fan caso, como sustitutivos de cualquier tipo de asesoramiento. No existir\u00e1 ning\u00fan tipo de relaci\u00f3n comercial, profesional, ni ning\u00fan tipo de relaci\u00f3n de otra \u00edndole con los profesionales que integran el sitio web por el solo hecho del acceso por parte de los usuarios.<\/p>\n<p>Para el caso de existir enlaces con diferentes sitios web, Carreras Brokers Group Corredur\u00eda de Seguros S.L., no se har\u00e1 responsable del contenido al no tener control sobre los mismos.<\/p>\n<p>Cuando el usuario accede al sitio web, lo hace por su cuenta y riesgo. Carreras Brokers Group Corredur\u00eda de Seguros S.L. no garantiza ni la rapidez, ni la interrupci\u00f3n, ni la ausencia de virus en el sitio web.<\/p>\n<p>Asimismo, el titular del sitio web, los colaboradores, sus socios, empleados y representantes tampoco podr\u00e1n ser considerados responsables por cualquier da\u00f1o derivado de la utilizaci\u00f3n de este sitio web, ni por cualquier actuaci\u00f3n realizada sobre la base de la informaci\u00f3n que se facilita.<\/p>\n<p>No se garantiza la ausencia de virus u otros elementos lesivos que puedan causar da\u00f1os o alteraciones en el sistema inform\u00e1tico, en los documentos electr\u00f3nicos o en los ficheros del usuario de este sitio web.<\/p>\n<p>En consecuencia, no se responde por los da\u00f1os y perjuicios que estos elementos puedan ocasionar al usuario o terceros.<\/p>\n<p><i><strong>Modificaciones.<\/strong><\/i> Carreras Brokers Group Corredur\u00eda de Seguros S.L. se reserva el derecho a realizar las modificaciones que considere oportunas, sin aviso previo, en el contenido de su sitio web.<\/p>\n<p>Tanto en lo referente a los contenidos del sitio web, como a las condiciones de uso. Estas modificaciones podr\u00e1n realizarse a trav\u00e9s de su sitio web por cualquier forma admisible en derecho y ser\u00e1n de obligado cumplimiento durante el tiempo en que se encuentren publicadas en la web y hasta que no sean modificadas v\u00e1lidamente por otras posteriores.<\/p>\n<p><i><strong>Marcas.<\/strong><\/i> En Carreras Brokers Group Corredur\u00eda de Seguros S.L. puede que se mencionen de forma indirecta y a nivel informativo algunos t\u00e9rminos y logotipos, que constituyen marcas registradas por sus respectivos propietarios, no haci\u00e9ndose responsable de la utilizaci\u00f3n inadecuada que pudieran hacer terceras personas respecto a estas marcas.<\/p>\n<p><i><strong>Usuario y R\u00e9gimen de Responsabilidades.<\/strong><\/i> La utilizaci\u00f3n de esta p\u00e1gina web le atribuye su condici\u00f3n de usuario. Se recomienda al usuario que lea atenta y detenidamente las condiciones e instrucciones publicadas cada vez que acceda a esta p\u00e1gina web, dado que el acceso implica la lectura y la aceptaci\u00f3n.<\/p>\n<p>Mediante el acceso y uso a www.carrerasassegurances.com o cualquiera de sus p\u00e1ginas y subdominios, el usuario manifiesta su acuerdo de forma expresa, plena y sin reservas a las condiciones e instrucciones publicadas en el aviso legal en el momento del acceso sin perjuicio de la aplicaci\u00f3n de la correspondiente normativa de cumplimiento legal obligado seg\u00fan el caso.<\/p>\n<p>El sitio web de Carreras Brokers Group Corredur\u00eda de Seguros S.L. proporciona una gran diversidad de informaci\u00f3n, servicios y datos. El usuario asume la responsabilidad en el uso correcto del sitio web. Esta responsabilidad se extender\u00e1 a:<\/p>\n<ul>\n<li>La veracidad y licitud de las informaciones aportadas por el usuario en los formularios extendidos por Carreras Brokers Group Corredur\u00eda de Seguros S.L. para el acceso a ciertos contenidos o servicios ofrecidos por la web.<\/li>\n<li>El uso de la informaci\u00f3n, servicios y datos ofrecidos por Carreras Brokers Group Corredur\u00eda de Seguros S.L. contrariamente a lo que disponen estas condiciones, la Ley, la moral, las buenas costumbres o el orden p\u00fablico, o que de cualquier otra manera puedan suponer lesi\u00f3n de los derechos de terceros o del mismo funcionamiento del sitio web.<\/li>\n<\/ul>\n<p>Cualquier utilizaci\u00f3n diferente de la autorizada est\u00e1 expresamente prohibida, y Carreras Brokers Group Corredur\u00eda de Seguros S.L. est\u00e1 facultada para denegar o retirar el acceso y el uso del Web, en cualquier momento, y sin aviso previo, a aquellos usuarios que incumplan estas condiciones generales. Podr\u00e1 dirigirse a la Autoridad de Control competente para presentar la reclamaci\u00f3n que considere oportuna.<\/p>\n<p><i><strong>Menores de edad.<\/strong><\/i> Para el uso de los servicios, los menores de edad deben obtener siempre previamente el consentimiento de los padres, tutores o representantes legales, responsables \u00faltimos de todos los actos realizados por los menores a su cargo.<\/p>\n<p>La responsabilidad en la determinaci\u00f3n de contenidos concretos a los que acceden los menores corresponde a aquellos, es por ello que, si acceden a contenidos no apropiados para Internet, se deber\u00e1n establecer en sus ordenadores mecanismos, en particular programas inform\u00e1ticos, filtros y bloqueos, que permitan limitar los contenidos disponibles y, aunque no sean infalibles, son de especial utilidad para controlar y restringir los materiales a los que pueden acceder los menores.<\/p>\n<p><i><strong>Propiedad Intelectual, Normativa y Foro.<\/strong><\/i> El sitio web, incluyendo a t\u00edtulo enunciativo, pero no limitativo su programaci\u00f3n, edici\u00f3n, compilaci\u00f3n y otros elementos necesarios para su funcionamiento, los dise\u00f1os, logotipos, texto y\/o gr\u00e1ficos, son propiedad de Carreras Brokers Group Corredur\u00eda de Seguros S.L. o si es el caso dispone de licencia o autorizaci\u00f3n expresa por parte de los autores.<\/p>\n<p>Todos los contenidos del sitio web se encuentran debidamente protegidos por la normativa de propiedad intelectual e industrial, as\u00ed como los inscritos en los registros p\u00fablicos correspondientes, y no se permite la reproducci\u00f3n y\/o publicaci\u00f3n, total o parcial, del sitio web, ni su tratamiento inform\u00e1tico, su distribuci\u00f3n, difusi\u00f3n, modificaci\u00f3n o transformaci\u00f3n, sin el permiso previo y por escrito.<\/p>\n<p>Los dise\u00f1os, logotipos, texto y\/o gr\u00e1ficos ajenos a Carreras Brokers Group Corredur\u00eda de Seguros S.L. y que pudieran aparecer en el sitio web, pertenecen a sus respectivos propietarios, siendo ellos mismos responsables de cualquier posible controversia que pudiera suscitarse respecto a estos.<\/p>\n<p>En todo caso, Carreras Brokers Group Corredur\u00eda de Seguros S.L. cuenta con la autorizaci\u00f3n expresa y previa por parte de los mismos. Carreras Brokers Group Corredur\u00eda de Seguros S.L. reconoce a favor de sus titulares los correspondientes derechos de propiedad intelectual, y no implica su sola menci\u00f3n o aparici\u00f3n en el sitio web la existencia de derechos o responsabilidad de prestador sobre los mismos, como tampoco soporte, patrocinio o recomendaci\u00f3n por este.<\/p>\n<p>El usuario puede utilizar el material que aparezca en este sitio web para uso personal y privado, quedando prohibido su uso con fines comerciales.<\/p>\n<p>Carreras Brokers Group Corredur\u00eda de Seguros S.L. velar\u00e1 por el cumplimiento de las condiciones anteriores, como por la debida utilizaci\u00f3n de los contenidos presentados en sus p\u00e1ginas web, ejercitando todas las acciones civiles y penales que le corresponder\u00e1n en el caso de infracci\u00f3n o incumplimiento de estos derechos por parte del usuario.<\/p>\n<p><i><strong>Acciones legales, legislaci\u00f3n aplicable y jurisdicci\u00f3n.<\/strong><\/i> Las presentes condiciones de uso se rigen por la legislaci\u00f3n espa\u00f1ola, siendo competentes los Juzgados y Tribunales de la ciudad de Carreras Brokers Group Corredur\u00eda de Seguros S.L. para conocer de todas las cuestiones que se susciten sobre la interpretaci\u00f3n, la aplicaci\u00f3n y el cumplimiento de las mismas.<\/p>\n<p>Los usuarios, por virtud de su aceptaci\u00f3n a las condiciones generales recogidas en este Aviso Legal, renuncian expresamente a cualquier fuero que, por aplicaci\u00f3n de la Ley de Enjuiciamiento Civil vigente, les pueda corresponder.<\/p>\n<p>Carreras Brokers Group Corredur\u00eda de Seguros S.L. se reserva, asimismo, la facultad de presentar las acciones civiles o penales que considere oportunas por la utilizaci\u00f3n indebida del sitio web y contenidos, o por el incumplimiento de las presentes condiciones.<\/p>\n<p>La relaci\u00f3n entre el usuario y el prestador se regir\u00e1 por la normativa vigente y aplicable en el territorio espa\u00f1ol. Si surge cualquier controversia las partes pueden someter sus conflictos a arbitraje o acudir a la jurisdicci\u00f3n ordinaria cumpliendo con las normas sobre jurisdicci\u00f3n y competencia sobre esto. Carreras Brokers Group Corredur\u00eda de Seguros S.L. tiene su domicilio en Barcelona, Espa\u00f1a.<\/p>\n<p>Los datos de car\u00e1cter personal que nos ha facilitado de forma voluntaria ser\u00e1n incorporados a un fichero del que es titular Carreras Brokers Group Corredur\u00eda de Seguros S.L. que se utilizar\u00e1 para gestionar su suscripci\u00f3n a nuestro bolet\u00edn a trav\u00e9s del cual le mantendremos informado de los productos, novedades, sorteos, servicios, eventos y promociones de Carreras Brokers Group Corredur\u00eda de Seguros S.L. con CIF B04973848, domicilio en Rnda. Universitat 9, planta 4, 08007 Barcelona y e-mail info@carrerasassegurances.com, as\u00ed como la gesti\u00f3n de su inscripci\u00f3n y participaci\u00f3n en sorteos, concursos o eventos que solicite participar.<\/p>\n<p><i><strong>Suscripciones al bolet\u00edn de noticias.<\/strong><\/i> Solo pueden prestar el consentimiento personas mayores de 16 a\u00f1os. Los datos personales proporcionados se conservar\u00e1n hasta que se solicite su supresi\u00f3n o revoque el consentimiento el interesado.<\/p>\n<p>La base legal para el tratamiento de sus datos con el fin de poder informarle por v\u00eda electr\u00f3nica sobre los productos, novedades, sorteos, servicios, eventos y promociones de Carreras Brokers Group Corredur\u00eda de Seguros S.L. as\u00ed como la gesti\u00f3n de su inscripci\u00f3n y participaci\u00f3n en sorteos, concursos o eventos que solicite, es la aportaci\u00f3n del consentimiento.<\/p>\n<p>El consentimiento ser\u00e1 v\u00e1lido hasta que decida revocarlo. Cualquier persona tiene derecho a obtener confirmaci\u00f3n sobre si en Carreras Brokers Group Corredur\u00eda de Seguros S.L. estamos tratando datos personales que les conciernan o no.<\/p>\n<p>Como responsable del fichero, la empresa se compromete a respetar la confidencialidad de su informaci\u00f3n de car\u00e1cter personal. Para ejercitar sus derechos de acceso, rectificaci\u00f3n, cancelaci\u00f3n y oposici\u00f3n deber\u00e1 remitir una comunicaci\u00f3n desde la cuenta de correo electr\u00f3nico que us\u00f3 para tramitar el alta a info@carrerasassegurances.com con el asunto BAJA.<\/p>\n<p>Tramitar la suscripci\u00f3n al bolet\u00edn presumir\u00e1 su consentimiento para tratar los datos en los t\u00e9rminos indicados. En el momento de la cancelaci\u00f3n de los datos, solo los conservaremos bloqueados en cumplimiento de obligaciones legales.<\/p>\n<p><i><strong>Informaci\u00f3n b\u00e1sica. <\/strong><\/i><\/p>\n<ul>\n<li><strong>Responsable del tratamiento<\/strong>: Carreras Brokers Group Corredur\u00eda de Seguros S.L.<\/li>\n<li><strong>Finalidad del tratamiento:<\/strong> gestionar las consultas de los usuarios y atender las solicitudes.<\/li>\n<li><strong>Base legal para el tratamiento:<\/strong> el consentimiento otorgado con la aceptaci\u00f3n de la presente Pol\u00edtica de Protecci\u00f3n de datos.<\/li>\n<li><strong>Destinatarios de los datos: <\/strong>no ser\u00e1n comunicados a terceras personas excepto por obligaci\u00f3n legal.<\/li>\n<li><strong>Derechos:<\/strong> para ejercer los derechos de acceso, rectificaci\u00f3n, portabilidad y supresi\u00f3n de sus datos y los de limitaci\u00f3n y oposici\u00f3n a su tratamiento reconocidos por la normativa, puede enviar un correo a info@carrerasassegurances.com.<\/li>\n<li><strong>Para m\u00e1s informaci\u00f3n<\/strong> sobre este tratamiento y c\u00f3mo ejercer sus derechos puede consultar nuestra pol\u00edtica completa de protecci\u00f3n de datos en: www.carrerasassegurances.com.<\/li>\n<\/ul>\n<p><i><strong>Mensaje de contacto.<\/strong><\/i> En virtud de lo establecido en la Ley Org\u00e1nica 3\/2018 y el Reglamento Europeo 2016\/679, de Protecci\u00f3n de Datos de car\u00e1cter personal, le informamos que sus datos forman parte de un fichero titularidad de Carreras Brokers Group Corredur\u00eda de Seguros S.L. La informaci\u00f3n registrada se utilizar\u00e1 para informarle por cualquier medio electr\u00f3nico de nuestras novedades.<\/p>\n<p>Puede ejercer los derechos de acceso, rectificaci\u00f3n, supresi\u00f3n y portabilidad de sus datos y los de limitaci\u00f3n y oposici\u00f3n del tratamiento en Rnda. Universitat 9, planta 4, 08007 Barcelona o mediante un correo dirigido a info@carrerasassegurances.com.<\/p>\n<p>En cumplimiento de la Ley 34\/2002 de 11 de julio, de Servicios de la Sociedad de la Informaci\u00f3n y de Comercio electr\u00f3nico e Internet, le informamos que puede revocar en cualquier momento, de forma sencilla y gratuita, el consentimiento para la recepci\u00f3n de correo electr\u00f3nico enviando un correo electr\u00f3nico con su solicitud a: info@carrerasassegurances.com.<\/p>\n<p><i><strong>Participaciones de la corredur\u00eda en entidades aseguradoras y viceversa.<\/strong><\/i> Participaciones en entidades aseguradoras: La corredur\u00eda no tiene una participaci\u00f3n directa o indirecta de los derechos de voto o del capital de una entidad aseguradora determinada.<\/p>\n<p>Participaciones de entidades aseguradoras en la corredur\u00eda: La corredur\u00eda no est\u00e1 participada directa o indirectamente en los derechos de voto o del capital por una entidad aseguradora determinada o matriz de esta aseguradora.<\/p>\n<p><i><strong>R\u00e9gimen de actividad. <\/strong><\/i>La corredur\u00eda realiza la actividad de mediaci\u00f3n en seguros con sujeci\u00f3n a los principios de honestidad, equidad y profesionalidad, en beneficio y representaci\u00f3n de los intereses de los clientes ante las compa\u00f1\u00edas aseguradoras.<\/p>\n<p>Con base en las informaciones obtenidas del cliente, respetando siempre sus exigencias y necesidades, la corredur\u00eda presta un asesoramiento independiente basado en un an\u00e1lisis objetivo de un n\u00famero suficiente de contratos de seguro ofrecidos en el mercado, de manera que pueda formular una recomendaci\u00f3n personalizada, ateni\u00e9ndose a criterios profesionales, respecto al contrato de seguro que mejor se ajustar\u00eda a las necesidades del cliente para la adecuada cobertura de los riesgos solicitados por este.<\/p>\n<p>Si con posterioridad a la suscripci\u00f3n del contrato de seguro o de cualquiera de sus pr\u00f3rrogas el cliente tuviera que efectuar alg\u00fan pago diferente de las primas peri\u00f3dicas, derivado de la modificaci\u00f3n del riesgo o de las sumas aseguradas o por cualquier otra circunstancia, la corredur\u00eda facilita la informaci\u00f3n que corresponda en relaci\u00f3n con cada uno de los pagos. Id\u00e9ntica actividad informativa se realiza con ocasi\u00f3n de la modificaci\u00f3n o pr\u00f3rroga del contrato de seguro, si se han producido alteraciones en la informaci\u00f3n inicialmente suministrada.<\/p>\n<p>Cr\u00e9ditos del website:<br \/>\n<strong>Carreras Brokers Group Corredur\u00eda de Seguros S.L.<\/strong><br \/>\n\u00a9 <strong>Derecho de propiedad y copyright<\/strong><br \/>\nCarreras Brokers Group Corredur\u00eda de Seguros S.L.<br \/>\nB04973848<br \/>\ninfo@carrerasassegurances.com<br \/>\nRnda. Universitat 9, planta 4, 08007 Barcelona<br \/>\nTel. 933182245[\/vc_column_text][vc_row_inner][vc_column_inner column_width_percent=\u00bb100&#8243; align_horizontal=\u00bbalign_center\u00bb gutter_size=\u00bb3&#8243; overlay_alpha=\u00bb50&#8243; shift_x=\u00bb0&#8243; shift_y=\u00bb0&#8243; shift_y_down=\u00bb0&#8243; z_index=\u00bb0&#8243; medium_width=\u00bb0&#8243; mobile_width=\u00bb0&#8243; width=\u00bb1\/1&#8243; uncode_shortcode_id=\u00bb164657&#8243;][vc_button border_width=\u00bb0&#8243; link=\u00bburl:javascript%3Ahistory.back()\u00bb uncode_shortcode_id=\u00bb141923&#8243;]Volver[\/vc_button][\/vc_column_inner][\/vc_row_inner][\/vc_column][vc_column width=\u00bb1\/6&#8243;][\/vc_column][\/vc_row]<\/p>\n<\/div>","protected":false},"excerpt":{"rendered":"<p>[vc_row][vc_column width=\u00bb1\/6&#8243;][\/vc_column][vc_column width=\u00bb2\/3&#8243;][vc_custom_heading heading_semantic=\u00bbh3&#8243; text_size=\u00bbh3&#8243; uncode_shortcode_id=\u00bb154831&#8243;]Aviso legal[\/vc_custom_heading][vc_column_text uncode_shortcode_id=\u00bb375407&#8243;]El uso de este sitio web, www.carrerasassegurances.com, implica la aceptaci\u00f3n de estos t\u00e9rminos. [&hellip;]<\/p>\n","protected":false},"author":1,"featured_media":0,"parent":0,"menu_order":0,"comment_status":"closed","ping_status":"closed","template":"","meta":{"footnotes":""},"class_list":["post-4695","page","type-page","status-publish","hentry"],"_links":{"self":[{"href":"https:\/\/carrerasassegurances.com\/es\/wp-json\/wp\/v2\/pages\/4695","targetHints":{"allow":["GET"]}}],"collection":[{"href":"https:\/\/carrerasassegurances.com\/es\/wp-json\/wp\/v2\/pages"}],"about":[{"href":"https:\/\/carrerasassegurances.com\/es\/wp-json\/wp\/v2\/types\/page"}],"author":[{"embeddable":true,"href":"https:\/\/carrerasassegurances.com\/es\/wp-json\/wp\/v2\/users\/1"}],"replies":[{"embeddable":true,"href":"https:\/\/carrerasassegurances.com\/es\/wp-json\/wp\/v2\/comments?post=4695"}],"version-history":[{"count":3,"href":"https:\/\/carrerasassegurances.com\/es\/wp-json\/wp\/v2\/pages\/4695\/revisions"}],"predecessor-version":[{"id":5025,"href":"https:\/\/carrerasassegurances.com\/es\/wp-json\/wp\/v2\/pages\/4695\/revisions\/5025"}],"wp:attachment":[{"href":"https:\/\/carrerasassegurances.com\/es\/wp-json\/wp\/v2\/media?parent=4695"}],"curies":[{"name":"wp","href":"https:\/\/api.w.org\/{rel}","templated":true}]}}