{"id":4701,"date":"2025-11-26T15:54:50","date_gmt":"2025-11-26T14:54:50","guid":{"rendered":"https:\/\/carrerasassegurances.com\/defensor-de-lassegurat\/"},"modified":"2025-12-02T19:30:14","modified_gmt":"2025-12-02T18:30:14","slug":"defensor-del-asegurado","status":"publish","type":"page","link":"https:\/\/carrerasassegurances.com\/es\/defensor-del-asegurado\/","title":{"rendered":"Defensor del asegurado"},"content":{"rendered":"<div class=\"wpb-content-wrapper\"><p>[vc_row row_height_percent=\u00bb0&#8243; override_padding=\u00bbyes\u00bb h_padding=\u00bb2&#8243; top_padding=\u00bb2&#8243; bottom_padding=\u00bb2&#8243; overlay_alpha=\u00bb50&#8243; gutter_size=\u00bb3&#8243; column_width_percent=\u00bb100&#8243; shift_y=\u00bb0&#8243; z_index=\u00bb0&#8243; uncode_shortcode_id=\u00bb209086&#8243;][vc_column width=\u00bb1\/6&#8243;][\/vc_column][vc_column width=\u00bb2\/3&#8243;][vc_custom_heading heading_semantic=\u00bbh3&#8243; text_size=\u00bbh3&#8243; uncode_shortcode_id=\u00bb111105&#8243;]Defensor del Asegurado[\/vc_custom_heading][vc_column_text uncode_shortcode_id=\u00bb194680&#8243;]Acogi\u00e9ndose a lo establecido en la Orden ECO 734\/2004 de 11 de marzo (BOE 24 de marzo de 2004), le informamos que, si desea formular cualquier queja o reclamaci\u00f3n relativa a nuestra intervenci\u00f3n mediadora, puede dirigirse a nuestro Departamento de Atenci\u00f3n al Cliente, cuya direcci\u00f3n es Passeig Sant Joan 33, 08010 Barcelona, tel\u00e9fono 932153223, correo electr\u00f3nico <a href=\"mailto:elcol-legi@elcol-legi.org\">elcol-legi@elcol-legi.org<\/a>, cuyo responsable es Josep Llu\u00eds Fern\u00e1ndez S\u00e1nchez.[\/vc_column_text][vc_row_inner][vc_column_inner column_width_percent=\u00bb100&#8243; align_horizontal=\u00bbalign_center\u00bb gutter_size=\u00bb3&#8243; overlay_alpha=\u00bb50&#8243; shift_x=\u00bb0&#8243; shift_y=\u00bb0&#8243; shift_y_down=\u00bb0&#8243; z_index=\u00bb0&#8243; medium_width=\u00bb0&#8243; mobile_width=\u00bb0&#8243; width=\u00bb1\/1&#8243; uncode_shortcode_id=\u00bb164657&#8243;][vc_button border_width=\u00bb0&#8243; link=\u00bburl:javascript%3Ahistory.back()\u00bb uncode_shortcode_id=\u00bb141923&#8243;]Volver[\/vc_button][\/vc_column_inner][\/vc_row_inner][\/vc_column][vc_column width=\u00bb1\/6&#8243;][\/vc_column][\/vc_row]<\/p>\n<\/div>","protected":false},"excerpt":{"rendered":"<p>[vc_row row_height_percent=\u00bb0&#8243; override_padding=\u00bbyes\u00bb h_padding=\u00bb2&#8243; top_padding=\u00bb2&#8243; bottom_padding=\u00bb2&#8243; overlay_alpha=\u00bb50&#8243; gutter_size=\u00bb3&#8243; column_width_percent=\u00bb100&#8243; shift_y=\u00bb0&#8243; z_index=\u00bb0&#8243; uncode_shortcode_id=\u00bb209086&#8243;][vc_column width=\u00bb1\/6&#8243;][\/vc_column][vc_column width=\u00bb2\/3&#8243;][vc_custom_heading heading_semantic=\u00bbh3&#8243; text_size=\u00bbh3&#8243; uncode_shortcode_id=\u00bb111105&#8243;]Defensor del Asegurado[\/vc_custom_heading][vc_column_text uncode_shortcode_id=\u00bb194680&#8243;]Acogi\u00e9ndose [&hellip;]<\/p>\n","protected":false},"author":1,"featured_media":0,"parent":0,"menu_order":0,"comment_status":"closed","ping_status":"closed","template":"","meta":{"footnotes":""},"class_list":["post-4701","page","type-page","status-publish","hentry"],"_links":{"self":[{"href":"https:\/\/carrerasassegurances.com\/es\/wp-json\/wp\/v2\/pages\/4701","targetHints":{"allow":["GET"]}}],"collection":[{"href":"https:\/\/carrerasassegurances.com\/es\/wp-json\/wp\/v2\/pages"}],"about":[{"href":"https:\/\/carrerasassegurances.com\/es\/wp-json\/wp\/v2\/types\/page"}],"author":[{"embeddable":true,"href":"https:\/\/carrerasassegurances.com\/es\/wp-json\/wp\/v2\/users\/1"}],"replies":[{"embeddable":true,"href":"https:\/\/carrerasassegurances.com\/es\/wp-json\/wp\/v2\/comments?post=4701"}],"version-history":[{"count":4,"href":"https:\/\/carrerasassegurances.com\/es\/wp-json\/wp\/v2\/pages\/4701\/revisions"}],"predecessor-version":[{"id":5026,"href":"https:\/\/carrerasassegurances.com\/es\/wp-json\/wp\/v2\/pages\/4701\/revisions\/5026"}],"wp:attachment":[{"href":"https:\/\/carrerasassegurances.com\/es\/wp-json\/wp\/v2\/media?parent=4701"}],"curies":[{"name":"wp","href":"https:\/\/api.w.org\/{rel}","templated":true}]}}