{"id":4704,"date":"2024-07-25T13:21:34","date_gmt":"2024-07-25T11:21:34","guid":{"rendered":"https:\/\/carrerasassegurances.com\/politica-de-privacitat\/"},"modified":"2025-12-02T19:39:19","modified_gmt":"2025-12-02T18:39:19","slug":"politica-de-privacidad","status":"publish","type":"page","link":"https:\/\/carrerasassegurances.com\/es\/politica-de-privacidad\/","title":{"rendered":"Pol\u00edtica de privacidad"},"content":{"rendered":"<div class=\"wpb-content-wrapper\"><p>[vc_row][vc_column width=\u00bb1\/6&#8243;][\/vc_column][vc_column width=\u00bb2\/3&#8243;][vc_custom_heading heading_semantic=\u00bbh3&#8243; text_size=\u00bbh3&#8243; uncode_shortcode_id=\u00bb323797&#8243;]Pol\u00edtica de privacidad[\/vc_custom_heading][vc_column_text uncode_shortcode_id=\u00bb135825&#8243; css=\u00bb.vc_custom_1761593232817{margin-bottom: 3% !important;}\u00bb]Cl\u00e1usula de consentimiento LOPD.<\/p>\n<p><strong>Responsable de los datos<\/strong><br \/>\nNombre: CARRERAS BROKERS GROUP CORREDUR\u00cdA DE SEGUROS, S.L.<br \/>\nCIF: B-04973848<br \/>\nDirecci\u00f3n: Ronda Universitat 9, planta 4, 08007 Barcelona<br \/>\nTel\u00e9fono: 93 318 22 45<br \/>\nEmail: <a href=\"mailto:info@carrerasassegurances.com\"><u>info@carrerasassegurances.com<\/u><\/a><br \/>\nContacto Delegado de protecci\u00f3n de datos: <a href=\"mailto:info@carrerasassegurances.com\"><u>info@carrerasassegurances.com<\/u><\/a><\/p>\n<p><strong>Finalidad<\/strong><br \/>\nLos datos proporcionados por usted ser\u00e1n utilizados con el fin de:<\/p>\n<p><u>Gestionar sus seguros<\/u><\/p>\n<ul>\n<li>Realizarle ofertas de seguros personalizadas y ajustadas a sus necesidades.<\/li>\n<li>Gestionar los contratos de seguros contratados, incluyendo si as\u00ed se acuerda la gesti\u00f3n del cobro de las primas de seguro.<\/li>\n<li>Proporcionarle el servicio de gesti\u00f3n de siniestros.<\/li>\n<li>Proponer modificaciones en sus contratos que pudieran ser de su inter\u00e9s.<\/li>\n<\/ul>\n<p><u>Promocionar nuestros servicios<\/u><\/p>\n<ul>\n<li>Proporcionarle informaci\u00f3n de nuevos productos y servicios.<\/li>\n<\/ul>\n<p>Elaboraremos perfiles comerciales de acuerdo con la informaci\u00f3n facilitada con el fin de ajustar los servicios y ofertas, no adopt\u00e1ndose nunca decisiones automatizadas a partir de perfiles.<\/p>\n<p>Los datos se conservar\u00e1n mientras se mantenga la relaci\u00f3n comercial y despu\u00e9s de la finalizaci\u00f3n de esta, hasta que solicite la cancelaci\u00f3n de sus datos, con el objeto de remitirle <u>ofertas que puedan ser de su inter\u00e9s y reanudar la relaci\u00f3n profesional.<\/u><\/p>\n<p><u>Legitimaci\u00f3n<\/u><br \/>\nLos datos de que disponemos son los necesarios para llevar la efectiva intermediaci\u00f3n de los contratos de seguros que ha contratado con una o m\u00e1s aseguradoras mediante nuestra corredur\u00eda, teniendo nosotros la consideraci\u00f3n de responsables de los datos de conformidad con lo previsto en la Ley 26\/2006 de 27 de Julio de Mediaci\u00f3n en seguros.<\/p>\n<p><u>Destinatarios<\/u><br \/>\nSus datos ser\u00e1n comunicados a las entidades aseguradoras destinatarias de los contratos, as\u00ed como en caso de siniestro y siempre que usted lo autorice y con el l\u00edmite de los datos afectados por el siniestro, a otras aseguradoras.<\/p>\n<p><u>Derechos<\/u><br \/>\nCualquier persona tiene derecho a obtener confirmaci\u00f3n sobre si en la corredur\u00eda estamos tratando datos personales que les conciernan, o no. Las personas interesadas tienen derecho a acceder a sus datos personales, as\u00ed como a solicitar la rectificaci\u00f3n de los datos inexactos o, en su caso, solicitar su supresi\u00f3n cuando, entre otros motivos, los datos ya no sean necesarios para los motivos que fueron recogidas.<\/p>\n<p>En determinadas circunstancias, los interesados podr\u00e1n solicitar la limitaci\u00f3n del tratamiento de sus datos, en este caso \u00fanicamente los conservaremos para la defensa de sus intereses en la gesti\u00f3n de los contratos de seguros intermediados por el responsable del fichero.<\/p>\n<p>En determinadas circunstancias y por motivos relacionados con su situaci\u00f3n particular, los interesados podr\u00e1n oponerse al tratamiento de sus datos. Nuestra corredur\u00eda dejar\u00e1 de tratar los datos, excepto por motivos leg\u00edtimos imperiosos, o el ejercicio o la defensa de posibles reclamaciones. Usted puede ejercer sus derechos de acceso, rectificaci\u00f3n o cancelaci\u00f3n.<\/p>\n<p>Si no desea recibir comunicaciones promocionales de nuestra empresa por alguno o todos los medios de comunicaci\u00f3n, puede comunicar su deseo de oponerse a la finalidad de promoci\u00f3n de nuestros productos y servicios, lo que no ir\u00e1 en detrimento de mantener la finalidad de gestionar los contratos de seguros intermediados por el responsable del fichero.<\/p>\n<p>Usted podr\u00e1 solicitar la portabilidad de sus datos, si as\u00ed lo estima conveniente a otro corredor o entidad aseguradora.<\/p>\n<p>En el ejercicio de los derechos precedentes puede dirigirse por email a <a href=\"mailto:info@carrerasassegurances.com\"><u>info@carrerasassegurances.com<\/u><\/a> o a nuestras oficinas situadas en la Rnda. Universitat 9, planta 4, 08007 Barcelona, aportando siempre una copia de su DNI. La respuesta al ejercicio de derechos se realizar\u00e1 al domicilio que figure en los contratos suscritos con nuestra corredur\u00eda.<\/p>\n<p>En caso de que no atendamos al ejercicio de derechos expresados en este apartado, usted est\u00e1 facultado para acudir a nuestro delegado de protecci\u00f3n de datos, quien velar\u00e1 por sus intereses o presentar una reclamaci\u00f3n ante la agencia de protecci\u00f3n de datos, usted dispone de toda la informaci\u00f3n a efectos de esta reclamaci\u00f3n en la p\u00e1gina <a href=\"http:\/\/www.agpd.es\/\" target=\"_blank\" rel=\"noopener\"><u>www.agpd.es<\/u><\/a>.<\/p>\n<p><u>Procedencia de los datos<\/u><br \/>\nLos datos de que disponemos son los que nos fueron proporcionados en el momento de la contrataci\u00f3n de las p\u00f3lizas o petici\u00f3n de las cotizaciones, as\u00ed como los datos derivados de las gestiones del contrato como las renovaciones de p\u00f3lizas o siniestros acontecidos en la vigencia del contrato.<\/p>\n<p>En algunos casos los datos b\u00e1sicos para la cotizaci\u00f3n de un riesgo han podido ser proporcionados por un colectivo, previa autorizaci\u00f3n de sus miembros, en estos casos los datos solo se utilizar\u00e1n de acuerdo con las indicaciones de los representantes del colectivo y estos datos ser\u00e1n eliminados si as\u00ed lo requieren los acuerdos con el colectivo, excepto para aquellos titulares de datos, para los cuales se intermedian contratos de seguros, en este caso los derechos se rigen por el apartado anterior.[\/vc_column_text][vc_row_inner][vc_column_inner column_width_percent=\u00bb100&#8243; align_horizontal=\u00bbalign_center\u00bb gutter_size=\u00bb3&#8243; overlay_alpha=\u00bb50&#8243; shift_x=\u00bb0&#8243; shift_y=\u00bb0&#8243; shift_y_down=\u00bb0&#8243; z_index=\u00bb0&#8243; medium_width=\u00bb0&#8243; mobile_width=\u00bb0&#8243; width=\u00bb1\/1&#8243; uncode_shortcode_id=\u00bb164657&#8243;][vc_button border_width=\u00bb0&#8243; link=\u00bburl:javascript%3Ahistory.back()\u00bb uncode_shortcode_id=\u00bb141923&#8243;]Volver[\/vc_button][\/vc_column_inner][\/vc_row_inner][\/vc_column][vc_column width=\u00bb1\/6&#8243;][\/vc_column][\/vc_row]<\/p>\n<\/div>","protected":false},"excerpt":{"rendered":"<p>[vc_row][vc_column width=\u00bb1\/6&#8243;][\/vc_column][vc_column width=\u00bb2\/3&#8243;][vc_custom_heading heading_semantic=\u00bbh3&#8243; text_size=\u00bbh3&#8243; uncode_shortcode_id=\u00bb323797&#8243;]Pol\u00edtica de privacidad[\/vc_custom_heading][vc_column_text uncode_shortcode_id=\u00bb135825&#8243; css=\u00bb.vc_custom_1761593232817{margin-bottom: 3% !important;}\u00bb]Cl\u00e1usula de consentimiento LOPD. Responsable de los datos Nombre: [&hellip;]<\/p>\n","protected":false},"author":1,"featured_media":0,"parent":0,"menu_order":0,"comment_status":"closed","ping_status":"closed","template":"","meta":{"footnotes":""},"class_list":["post-4704","page","type-page","status-publish","hentry"],"_links":{"self":[{"href":"https:\/\/carrerasassegurances.com\/es\/wp-json\/wp\/v2\/pages\/4704","targetHints":{"allow":["GET"]}}],"collection":[{"href":"https:\/\/carrerasassegurances.com\/es\/wp-json\/wp\/v2\/pages"}],"about":[{"href":"https:\/\/carrerasassegurances.com\/es\/wp-json\/wp\/v2\/types\/page"}],"author":[{"embeddable":true,"href":"https:\/\/carrerasassegurances.com\/es\/wp-json\/wp\/v2\/users\/1"}],"replies":[{"embeddable":true,"href":"https:\/\/carrerasassegurances.com\/es\/wp-json\/wp\/v2\/comments?post=4704"}],"version-history":[{"count":4,"href":"https:\/\/carrerasassegurances.com\/es\/wp-json\/wp\/v2\/pages\/4704\/revisions"}],"predecessor-version":[{"id":5028,"href":"https:\/\/carrerasassegurances.com\/es\/wp-json\/wp\/v2\/pages\/4704\/revisions\/5028"}],"wp:attachment":[{"href":"https:\/\/carrerasassegurances.com\/es\/wp-json\/wp\/v2\/media?parent=4704"}],"curies":[{"name":"wp","href":"https:\/\/api.w.org\/{rel}","templated":true}]}}