{"id":4705,"date":"2025-10-27T20:31:03","date_gmt":"2025-10-27T19:31:03","guid":{"rendered":"https:\/\/carrerasassegurances.com\/politica-de-xarxes-socials\/"},"modified":"2025-12-02T19:40:16","modified_gmt":"2025-12-02T18:40:16","slug":"politica-de-redes-sociales","status":"publish","type":"page","link":"https:\/\/carrerasassegurances.com\/es\/politica-de-redes-sociales\/","title":{"rendered":"Pol\u00edtica de Redes Sociales"},"content":{"rendered":"<div class=\"wpb-content-wrapper\"><p>[vc_row][vc_column width=\u00bb1\/6&#8243;][\/vc_column][vc_column width=\u00bb2\/3&#8243;][vc_custom_heading heading_semantic=\u00bbh3&#8243; text_size=\u00bbh3&#8243; uncode_shortcode_id=\u00bb166593&#8243;]Pol\u00edtica de redes sociales[\/vc_custom_heading][vc_column_text uncode_shortcode_id=\u00bb811915&#8243;]En cumplimiento de la Ley Org\u00e1nica 3\/2018, LOPD-GDD de Protecci\u00f3n de Datos Personales y Garant\u00eda y Derechos Digitales, Reglamento Europeo 2016\/679, de protecci\u00f3n de datos de car\u00e1cter personal, RGPD y la Ley 34\/2002, de 11 de julio, de Servicios de la Sociedad de la Informaci\u00f3n y de Comercio Electr\u00f3nico, LSSICE, Carreras Brokers Group Corredur\u00eda de Seguros S.L. informa a los Usuarios, que se ha procedido a crear un perfil en las redes sociales de LinkedIn con la finalidad principal de dar informaci\u00f3n y publicitar sus productos y servicios.<\/p>\n<p><strong>Carreras Brokers Group Corredur\u00eda de Seguros S.L.<\/strong><br \/>\nRda. Universitat 9, planta 4, 08007 Barcelona<br \/>\nwww.carrerasassegurances.com<br \/>\ninfo@ carrerasassegurances.com<\/p>\n<p>El usuario dispone de un perfil en la misma Red Social y ha decidido unirse a la p\u00e1gina creada por Carreras Brokers Group Corredur\u00eda de Seguros S.L., mostrando as\u00ed inter\u00e9s en la informaci\u00f3n que se publicite en la Red. Al unirse a nuestra p\u00e1gina, nos facilita su consentimiento para el tratamiento de los datos personales publicados en su perfil.<\/p>\n<p>El usuario puede acceder en todo momento a las pol\u00edticas de privacidad de la propia Red Social, as\u00ed como configurar su perfil para garantizar su privacidad.<\/p>\n<p>Carreras Brokers Group Corredur\u00eda de Seguros S.L. trata la informaci\u00f3n p\u00fablica del Usuario, especialmente el nombre de contacto. Estos datos solo son utilizados dentro de la propia Red Social y no son incorporados a ning\u00fan fichero.<\/p>\n<p>En relaci\u00f3n con los derechos de acceso, rectificaci\u00f3n, cancelaci\u00f3n y oposici\u00f3n, de que dispone y que pueden ser ejercidos ante Carreras Brokers Group Corredur\u00eda de Seguros S.L., debe tener en cuenta los siguientes matices:<\/p>\n<p><strong>Derecho de acceso:<\/strong> Es el derecho del usuario a obtener informaci\u00f3n sobre los datos concretos de car\u00e1cter personal y del tratamiento que Carreras Brokers Group Corredur\u00eda de Seguros S.L. haya realizado o realice, as\u00ed como de la informaci\u00f3n disponible sobre el origen de dichos datos y las comunicaciones realizadas o previstas. Este derecho vendr\u00e1 definido por la funcionalidad de la Red Social y la capacidad de acceso a la informaci\u00f3n de los perfiles de los Usuarios.<\/p>\n<p><strong>Derecho de Rectificaci\u00f3n:<\/strong> Es el derecho del afectado a que se modifiquen los datos que resulten ser inexactos o incompletos. Solo se podr\u00e1 satisfacer en relaci\u00f3n con la informaci\u00f3n que est\u00e9 bajo el control de Carreras Brokers Group Corredur\u00eda de Seguros S.L. (Por ejemplo, eliminar comentarios publicados en el propio perfil). Normalmente, este derecho debe ejercerse ante la Red Social.<\/p>\n<p><strong>Derecho de cancelaci\u00f3n:<\/strong> Es el derecho a suprimir los datos de car\u00e1cter personal del usuario, a excepci\u00f3n de lo previsto en otras leyes aplicables que determinen la obligatoriedad de su conservaci\u00f3n, en tiempo y forma. Este derecho se podr\u00e1 ejercer, por ejemplo, mediante la desvinculaci\u00f3n del perfil al que se encuentra unido.<\/p>\n<p><strong>Derecho de oposici\u00f3n:<\/strong> Es el derecho del Usuario a que no se lleve a cabo el tratamiento de sus datos de car\u00e1cter personal o se cese el tratamiento por Carreras Brokers Group Corredur\u00eda de Seguros S.L. Como en el derecho de cancelaci\u00f3n, podr\u00e1 ejercerse, por ejemplo, mediante la desvinculaci\u00f3n del perfil al que est\u00e1 unido.<\/p>\n<p><strong>Derecho a la Limitaci\u00f3n.<\/strong> El interesado puede solicitar el ejercicio de su derecho a limitar el tratamiento de los datos en los casos en que:<\/p>\n<ul>\n<li>El interesado impugne la exactitud de los datos.<\/li>\n<li>Cuando los datos recogidos no se necesiten para los fines del tratamiento, pero s\u00ed sean necesarios para el reconocimiento, el ejercicio o la defensa de un procedimiento judicial.<\/li>\n<li>Cuando el interesado se oponga al tratamiento mientras se verifica si prevalecen los motivos leg\u00edtimos del responsable del tratamiento a los del interesado.<\/li>\n<\/ul>\n<p><strong>Derecho a la portabilidad.<\/strong> El Interesado tiene derecho a recibir sus datos personales, por parte del Responsable de Tratamiento a quien previamente le haya hecho entrega, en un formato estructurado, de uso habitual y de lectura mec\u00e1nica, con el objetivo de transmitirlos a otro Responsable, sin que lo impida el Responsable de Tratamiento al que le haya facilitado los datos previamente.<\/p>\n<p>A su vez, el interesado en el ejercicio de su derecho a la portabilidad, puede solicitar que sus datos se transmitan directamente de Responsable a Responsable.<\/p>\n<p><strong>Derecho a la Supresi\u00f3n y al Olvido.<\/strong> El interesado tiene derecho a la supresi\u00f3n de los datos personales cuando:<\/p>\n<ul>\n<li>Estos no sean necesarios para el fin para el cual fueron recogidos. Haya retirado el consentimiento y no exista fundamento jur\u00eddico que indique lo contrario.<\/li>\n<li>Se haya ejercido el derecho de oposici\u00f3n al tratamiento de sus datos y no prevalezcan motivos leg\u00edtimos para dicho tratamiento.<\/li>\n<li>Los datos sean tratados de forma l\u00edcita o deban suprimirse por una obligaci\u00f3n jur\u00eddica a la que est\u00e9 sujeto el responsable de tratamiento.<\/li>\n<li>Los datos han sido obtenidos mediante una relaci\u00f3n con la oferta de servicios de la Sociedad de la Informaci\u00f3n.<\/li>\n<\/ul>\n<p>Para poder ejercer cualquiera de los derechos descritos anteriormente debe cumplir los siguientes requisitos:<\/p>\n<p>Presentaci\u00f3n de un escrito dirigido a Carreras Brokers Group Corredur\u00eda de Seguros S.L., a la direcci\u00f3n Rda. Universitat 9, planta 4, 08007 Barcelona o bien por correo electr\u00f3nico a info@carrerasassegurances.com.<\/p>\n<p>El escrito remitido por el titular de los datos que solicite el ejercicio debe cumplir los requisitos legales:<\/p>\n<p><strong>Nombre, apellidos del interesado y copia del DNI. <\/strong>En los casos excepcionales en que se admita la representaci\u00f3n, ser\u00e1 tambi\u00e9n necesaria la identificaci\u00f3n por el mismo medio de la persona que lo representa, as\u00ed como el documento acreditativo de la representaci\u00f3n.<\/p>\n<p>La fotocopia del DNI podr\u00e1 ser sustituida siempre que la identidad se acredite por cualquier otro medio v\u00e1lido en derecho.<\/p>\n<p><strong>Petici\u00f3n en que se concreta la solicitud.<\/strong> Si no hace referencia a un fichero concreto se le facilitar\u00e1 toda la informaci\u00f3n que se tenga con sus datos de car\u00e1cter personal. Si pide informaci\u00f3n de un fichero concreto, solo la informaci\u00f3n de ese fichero.<\/p>\n<p>Si solicita informaci\u00f3n relativa a un tercero nunca se podr\u00e1 facilitar.<\/p>\n<p>Si lo pide por tel\u00e9fono se le indicar\u00e1 que lo haga por escrito y se le informar\u00e1 de c\u00f3mo lo puede hacer y la direcci\u00f3n a la que debe enviarlo.<\/p>\n<ul>\n<li>Domicilio a efectos de notificaciones.<\/li>\n<li>Fecha y firma del firmante.<\/li>\n<li>Documentos acreditativos de la petici\u00f3n que se formula.<\/li>\n<li>El interesado debe utilizar cualquier medio que permita acreditar el env\u00edo y la recepci\u00f3n de la solicitud.<\/li>\n<\/ul>\n<p><strong>Utilizaci\u00f3n del perfil.<\/strong><\/p>\n<p>Carreras Brokers Group Corredur\u00eda de Seguros S.L. realizar\u00e1 las siguientes actuaciones:<\/p>\n<ul>\n<li>Acceso a la informaci\u00f3n p\u00fablica del perfil.<\/li>\n<li>Publicaci\u00f3n en el perfil del Usuario de toda aquella informaci\u00f3n ya publicada en la p\u00e1gina Carreras Brokers Group Corredur\u00eda de Seguros S.L.<\/li>\n<li>Enviar mensajes personales e individuales a trav\u00e9s de los canales de la Red Social.<\/li>\n<li>Actualizaciones del estado de la p\u00e1gina que se publicar\u00e1n en el perfil del Usuario.<\/li>\n<\/ul>\n<p>El usuario siempre puede controlar las conexiones, eliminar los contenidos que dejen de interesar y restringir con qui\u00e9n comparte las conexiones; para ello deber\u00e1 acceder a su configuraci\u00f3n de privacidad.<\/p>\n<p><strong>Publicaciones.<\/strong><\/p>\n<p>El usuario, una vez unido a la p\u00e1gina de Carreras Brokers Group Corredur\u00eda de Seguros S.L., podr\u00e1 publicar en esta \u00faltima comentarios, enlaces, im\u00e1genes o fotograf\u00edas o cualquier otro tipo de contenido multimedia soportado por la Red Social.<\/p>\n<p>El usuario, en todos los casos, debe ser el titular, disfrutar de los derechos de autor y de propiedad intelectual o contar con el consentimiento de los terceros afectados.<\/p>\n<p>Se proh\u00edbe expresamente cualquier publicaci\u00f3n en la p\u00e1gina, ya sean textos, gr\u00e1ficos, fotograf\u00edas, v\u00eddeos, etc. que atenten o sean susceptibles de atentar contra la moral, la \u00e9tica, el buen gusto o el decoro, y\/o que infrinjan, violen o infrinjan los derechos de propiedad intelectual o industrial, el derecho a la imagen o la Ley.<\/p>\n<p>En estos casos, Carreras Brokers Group Corredur\u00eda de Seguros S.L. se reserva el derecho a retirar inmediatamente el contenido, pudiendo solicitar el bloqueo permanente del usuario.<\/p>\n<p>Carreras Brokers Group Corredur\u00eda de Seguros S.L. no se har\u00e1 responsable de los contenidos que libremente ha publicado un usuario.<\/p>\n<p>El usuario debe tener presente que sus publicaciones ser\u00e1n conocidas por los dem\u00e1s usuarios, por lo que tambi\u00e9n es el principal responsable de su privacidad.<\/p>\n<p>Las im\u00e1genes que se puedan publicar en la p\u00e1gina no ser\u00e1n almacenadas en ning\u00fan fichero por parte de Carreras Brokers Group Corredur\u00eda de Seguros S.L. pero s\u00ed permanecer\u00e1n en la Red Social.<\/p>\n<p><strong>Concursos y promociones.<\/strong><\/p>\n<p>Carreras Brokers Group Corredur\u00eda de Seguros S.L. se reserva el derecho a realizar concursos y promociones, en los que podr\u00e1 participar el Usuario unido a la p\u00e1gina.<\/p>\n<p>Las bases de cada uno de ellos, cuando se utilice para ello la plataforma de la Red Social, ser\u00e1n publicadas en la misma, cumpliendo siempre con la LSSICE y con cualquier otra norma que le sea aplicable.<\/p>\n<p>La Red Social no patrocina, avala ni administra, de ninguna manera, ninguna de nuestras promociones, ni est\u00e1 asociada a ninguna publicidad.<\/p>\n<p>Carreras Brokers Group Corredur\u00eda de Seguros S.L. utilizar\u00e1 la Red Social para publicitar sus productos y servicios. En todo caso, si decide tratar sus datos de contacto para realizar acciones directas de prospecci\u00f3n comercial, ser\u00e1 siempre cumpliendo con las exigencias legales del RGPD y de la LSSICE.<\/p>\n<p>No se considera publicidad el hecho de recomendar a otros usuarios la p\u00e1gina Carreras Brokers Group Corredur\u00eda de Seguros S.L. que tambi\u00e9n puedan disfrutar de las promociones o estar informados de su actividad.[\/vc_column_text][vc_row_inner][vc_column_inner column_width_percent=\u00bb100&#8243; align_horizontal=\u00bbalign_center\u00bb gutter_size=\u00bb3&#8243; overlay_alpha=\u00bb50&#8243; shift_x=\u00bb0&#8243; shift_y=\u00bb0&#8243; shift_y_down=\u00bb0&#8243; z_index=\u00bb0&#8243; medium_width=\u00bb0&#8243; mobile_width=\u00bb0&#8243; width=\u00bb1\/1&#8243; uncode_shortcode_id=\u00bb164657&#8243;][vc_button border_width=\u00bb0&#8243; link=\u00bburl:javascript%3Ahistory.back()\u00bb uncode_shortcode_id=\u00bb141923&#8243;]Volver[\/vc_button][\/vc_column_inner][\/vc_row_inner][\/vc_column][vc_column width=\u00bb1\/6&#8243;][\/vc_column][\/vc_row]<\/p>\n<\/div>","protected":false},"excerpt":{"rendered":"<p>[vc_row][vc_column width=\u00bb1\/6&#8243;][\/vc_column][vc_column width=\u00bb2\/3&#8243;][vc_custom_heading heading_semantic=\u00bbh3&#8243; text_size=\u00bbh3&#8243; uncode_shortcode_id=\u00bb166593&#8243;]Pol\u00edtica de redes sociales[\/vc_custom_heading][vc_column_text uncode_shortcode_id=\u00bb811915&#8243;]En cumplimiento de la Ley Org\u00e1nica 3\/2018, LOPD-GDD de Protecci\u00f3n de [&hellip;]<\/p>\n","protected":false},"author":1,"featured_media":0,"parent":0,"menu_order":0,"comment_status":"closed","ping_status":"closed","template":"","meta":{"footnotes":""},"class_list":["post-4705","page","type-page","status-publish","hentry"],"_links":{"self":[{"href":"https:\/\/carrerasassegurances.com\/es\/wp-json\/wp\/v2\/pages\/4705","targetHints":{"allow":["GET"]}}],"collection":[{"href":"https:\/\/carrerasassegurances.com\/es\/wp-json\/wp\/v2\/pages"}],"about":[{"href":"https:\/\/carrerasassegurances.com\/es\/wp-json\/wp\/v2\/types\/page"}],"author":[{"embeddable":true,"href":"https:\/\/carrerasassegurances.com\/es\/wp-json\/wp\/v2\/users\/1"}],"replies":[{"embeddable":true,"href":"https:\/\/carrerasassegurances.com\/es\/wp-json\/wp\/v2\/comments?post=4705"}],"version-history":[{"count":4,"href":"https:\/\/carrerasassegurances.com\/es\/wp-json\/wp\/v2\/pages\/4705\/revisions"}],"predecessor-version":[{"id":5029,"href":"https:\/\/carrerasassegurances.com\/es\/wp-json\/wp\/v2\/pages\/4705\/revisions\/5029"}],"wp:attachment":[{"href":"https:\/\/carrerasassegurances.com\/es\/wp-json\/wp\/v2\/media?parent=4705"}],"curies":[{"name":"wp","href":"https:\/\/api.w.org\/{rel}","templated":true}]}}